{"id":13,"date":"2020-07-22T13:48:13","date_gmt":"2020-07-22T11:48:13","guid":{"rendered":"http:\/\/educetpousse.fr\/?page_id=13"},"modified":"2020-09-22T21:23:52","modified_gmt":"2020-09-22T19:23:52","slug":"presentations","status":"publish","type":"page","link":"https:\/\/educetpousse.fr\/index.php\/presentations\/","title":{"rendered":"Pr\u00e9sentations"},"content":{"rendered":"<div class=\"fusion-fullwidth fullwidth-box fusion-builder-row-1 fusion-flex-container nonhundred-percent-fullwidth non-hundred-percent-height-scrolling\" style=\"--awb-border-radius-top-left:0px;--awb-border-radius-top-right:0px;--awb-border-radius-bottom-right:0px;--awb-border-radius-bottom-left:0px;--awb-padding-right:10%;--awb-padding-bottom:50px;--awb-padding-left:10%;--awb-flex-wrap:wrap;\" ><div class=\"fusion-builder-row fusion-row fusion-flex-align-items-flex-start fusion-flex-content-wrap\" style=\"max-width:1248px;margin-left: calc(-4% \/ 2 );margin-right: calc(-4% \/ 2 );\"><div class=\"fusion-layout-column fusion_builder_column fusion-builder-column-0 fusion_builder_column_1_2 1_2 fusion-flex-column fusion-flex-align-self-center fusion-column-inner-bg-wrapper\" style=\"--awb-padding-top:10%;--awb-padding-bottom:10%;--awb-inner-bg-color:#91c3be;--awb-inner-bg-color-hover:#91c3be;--awb-inner-bg-size:cover;--awb-width-large:50%;--awb-margin-top-large:0px;--awb-spacing-right-large:3.84%;--awb-margin-bottom-large:20px;--awb-spacing-left-large:3.84%;--awb-width-medium:50%;--awb-order-medium:0;--awb-spacing-right-medium:3.84%;--awb-spacing-left-medium:3.84%;--awb-width-small:100%;--awb-order-small:0;--awb-spacing-right-small:1.92%;--awb-spacing-left-small:1.92%;\"><span class=\"fusion-column-inner-bg hover-type-none\"><a class=\"fusion-column-anchor\" href=\"http:\/\/educetpousse.fr\/index.php\/presentations\/education-epanouissante\/\"><span class=\"fusion-column-inner-bg-image\"><\/span><\/a><\/span><div class=\"fusion-column-wrapper fusion-column-has-shadow fusion-flex-justify-content-center fusion-content-layout-column\"><div class=\"fusion-title title fusion-title-1 fusion-title-center fusion-title-text fusion-title-size-two fusion-animated\" style=\"--awb-text-color:#ffffff;\" data-animationType=\"zoomInLeft\" data-animationDuration=\"1.0\" data-animationOffset=\"top-into-view\"><div class=\"title-sep-container title-sep-container-left\"><div class=\"title-sep sep-double sep-solid\" style=\"border-color:#e2e2e2;\"><\/div><\/div><span class=\"awb-title-spacer\"><\/span><h2 class=\"fusion-title-heading title-heading-center\" style=\"margin:0;\"><p style=\"text-align: center;\">Qu&rsquo;est-ce que<br \/>\nl&rsquo;\u00e9ducation \u00e9panouissante ?<\/p><\/h2><span class=\"awb-title-spacer\"><\/span><div class=\"title-sep-container title-sep-container-right\"><div class=\"title-sep sep-double sep-solid\" style=\"border-color:#e2e2e2;\"><\/div><\/div><\/div><\/div><\/div><div class=\"fusion-layout-column fusion_builder_column fusion-builder-column-1 fusion_builder_column_1_2 1_2 fusion-flex-column fusion-flex-align-self-center fusion-column-inner-bg-wrapper\" style=\"--awb-padding-top:10%;--awb-padding-bottom:10%;--awb-inner-bg-color:#91c3be;--awb-inner-bg-color-hover:#91c3be;--awb-inner-bg-size:cover;--awb-width-large:50%;--awb-margin-top-large:0px;--awb-spacing-right-large:3.84%;--awb-margin-bottom-large:20px;--awb-spacing-left-large:3.84%;--awb-width-medium:50%;--awb-order-medium:0;--awb-spacing-right-medium:3.84%;--awb-spacing-left-medium:3.84%;--awb-width-small:100%;--awb-order-small:0;--awb-spacing-right-small:1.92%;--awb-spacing-left-small:1.92%;\"><span class=\"fusion-column-inner-bg hover-type-none\"><a class=\"fusion-column-anchor\" href=\"http:\/\/educetpousse.fr\/index.php\/presentations\/qui-vous-forme\/\"><span class=\"fusion-column-inner-bg-image\"><\/span><\/a><\/span><div class=\"fusion-column-wrapper fusion-column-has-shadow fusion-flex-justify-content-center fusion-content-layout-column\"><div class=\"fusion-title title fusion-title-2 fusion-sep-none fusion-title-center fusion-title-text fusion-title-size-two fusion-animated\" style=\"--awb-text-color:#ffffff;\" data-animationType=\"zoomInRight\" data-animationDuration=\"1.0\" data-animationOffset=\"top-into-view\"><h2 class=\"fusion-title-heading title-heading-center\" style=\"margin:0;\"><p style=\"text-align: center;\">Qui<br \/>\nvous forme ?<\/p><\/h2><\/div><\/div><\/div><\/div><\/div>\n","protected":false},"excerpt":{"rendered":"","protected":false},"author":1,"featured_media":0,"parent":0,"menu_order":0,"comment_status":"closed","ping_status":"closed","template":"","meta":{"footnotes":""},"yoast_head":"<!-- This site is optimized with the Yoast SEO plugin v23.4 - https:\/\/yoast.com\/wordpress\/plugins\/seo\/ -->\n<title>Pr\u00e9sentations : l&#039;\u00e9ducation \u00e9panouissante &amp; sa fondatrice - Educ et Pousse<\/title>\n<meta name=\"description\" content=\"D\u00e9couvrez ce qu&#039;est l&#039;Education Epanouissante et sa fondatrice, Audrey Duvert, qui vous forme \u00e0 cette approche\" \/>\n<meta name=\"robots\" content=\"index, follow, max-snippet:-1, max-image-preview:large, max-video-preview:-1\" \/>\n<link rel=\"canonical\" href=\"https:\/\/educetpousse.fr\/index.php\/presentations\/\" \/>\n<meta property=\"og:locale\" content=\"fr_FR\" \/>\n<meta property=\"og:type\" content=\"article\" \/>\n<meta property=\"og:title\" content=\"Pr\u00e9sentations : l&#039;\u00e9ducation \u00e9panouissante &amp; sa fondatrice - Educ et Pousse\" \/>\n<meta property=\"og:description\" content=\"D\u00e9couvrez ce qu&#039;est l&#039;Education Epanouissante et sa fondatrice, Audrey Duvert, qui vous forme \u00e0 cette approche\" \/>\n<meta property=\"og:url\" content=\"https:\/\/educetpousse.fr\/index.php\/presentations\/\" \/>\n<meta property=\"og:site_name\" content=\"Educ et Pousse\" \/>\n<meta property=\"article:modified_time\" content=\"2020-09-22T19:23:52+00:00\" \/>\n<meta property=\"og:image\" content=\"https:\/\/educetpousse.fr\/wp-content\/uploads\/2020\/07\/logo-rond.png\" \/>\n\t<meta property=\"og:image:width\" content=\"640\" \/>\n\t<meta property=\"og:image:height\" content=\"642\" \/>\n\t<meta property=\"og:image:type\" content=\"image\/png\" \/>\n<meta name=\"twitter:card\" content=\"summary_large_image\" \/>\n<meta name=\"twitter:label1\" content=\"Dur\u00e9e de lecture estim\u00e9e\" \/>\n\t<meta name=\"twitter:data1\" content=\"6 minutes\" \/>\n<script type=\"application\/ld+json\" class=\"yoast-schema-graph\">{\"@context\":\"https:\/\/schema.org\",\"@graph\":[{\"@type\":\"WebPage\",\"@id\":\"https:\/\/educetpousse.fr\/index.php\/presentations\/\",\"url\":\"https:\/\/educetpousse.fr\/index.php\/presentations\/\",\"name\":\"Pr\u00e9sentations : l'\u00e9ducation \u00e9panouissante & sa fondatrice - Educ et Pousse\",\"isPartOf\":{\"@id\":\"https:\/\/educetpousse.fr\/#website\"},\"datePublished\":\"2020-07-22T11:48:13+00:00\",\"dateModified\":\"2020-09-22T19:23:52+00:00\",\"description\":\"D\u00e9couvrez ce qu'est l'Education Epanouissante et sa fondatrice, Audrey Duvert, qui vous forme \u00e0 cette approche\",\"breadcrumb\":{\"@id\":\"https:\/\/educetpousse.fr\/index.php\/presentations\/#breadcrumb\"},\"inLanguage\":\"fr-FR\",\"potentialAction\":[{\"@type\":\"ReadAction\",\"target\":[\"https:\/\/educetpousse.fr\/index.php\/presentations\/\"]}]},{\"@type\":\"BreadcrumbList\",\"@id\":\"https:\/\/educetpousse.fr\/index.php\/presentations\/#breadcrumb\",\"itemListElement\":[{\"@type\":\"ListItem\",\"position\":1,\"name\":\"Accueil\",\"item\":\"https:\/\/educetpousse.fr\/\"},{\"@type\":\"ListItem\",\"position\":2,\"name\":\"Pr\u00e9sentations\"}]},{\"@type\":\"WebSite\",\"@id\":\"https:\/\/educetpousse.fr\/#website\",\"url\":\"https:\/\/educetpousse.fr\/\",\"name\":\"Educ et Pousse\",\"description\":\"Formations en \u00e9ducation \u00e9panouissante\",\"publisher\":{\"@id\":\"https:\/\/educetpousse.fr\/#organization\"},\"potentialAction\":[{\"@type\":\"SearchAction\",\"target\":{\"@type\":\"EntryPoint\",\"urlTemplate\":\"https:\/\/educetpousse.fr\/?s={search_term_string}\"},\"query-input\":{\"@type\":\"PropertyValueSpecification\",\"valueRequired\":true,\"valueName\":\"search_term_string\"}}],\"inLanguage\":\"fr-FR\"},{\"@type\":\"Organization\",\"@id\":\"https:\/\/educetpousse.fr\/#organization\",\"name\":\"Educ et Pousse\",\"url\":\"https:\/\/educetpousse.fr\/\",\"logo\":{\"@type\":\"ImageObject\",\"inLanguage\":\"fr-FR\",\"@id\":\"https:\/\/educetpousse.fr\/#\/schema\/logo\/image\/\",\"url\":\"https:\/\/educetpousse.fr\/wp-content\/uploads\/2020\/07\/logo-rond.png\",\"contentUrl\":\"https:\/\/educetpousse.fr\/wp-content\/uploads\/2020\/07\/logo-rond.png\",\"width\":640,\"height\":642,\"caption\":\"Educ et Pousse\"},\"image\":{\"@id\":\"https:\/\/educetpousse.fr\/#\/schema\/logo\/image\/\"},\"sameAs\":[\"https:\/\/www.linkedin.com\/company\/educetpousse\/\"]}]}<\/script>\n<!-- \/ Yoast SEO plugin. -->","yoast_head_json":{"title":"Pr\u00e9sentations : l'\u00e9ducation \u00e9panouissante & sa fondatrice - Educ et Pousse","description":"D\u00e9couvrez ce qu'est l'Education Epanouissante et sa fondatrice, Audrey Duvert, qui vous forme \u00e0 cette approche","robots":{"index":"index","follow":"follow","max-snippet":"max-snippet:-1","max-image-preview":"max-image-preview:large","max-video-preview":"max-video-preview:-1"},"canonical":"https:\/\/educetpousse.fr\/index.php\/presentations\/","og_locale":"fr_FR","og_type":"article","og_title":"Pr\u00e9sentations : l'\u00e9ducation \u00e9panouissante & sa fondatrice - Educ et Pousse","og_description":"D\u00e9couvrez ce qu'est l'Education Epanouissante et sa fondatrice, Audrey Duvert, qui vous forme \u00e0 cette approche","og_url":"https:\/\/educetpousse.fr\/index.php\/presentations\/","og_site_name":"Educ et Pousse","article_modified_time":"2020-09-22T19:23:52+00:00","og_image":[{"width":640,"height":642,"url":"https:\/\/educetpousse.fr\/wp-content\/uploads\/2020\/07\/logo-rond.png","type":"image\/png"}],"twitter_card":"summary_large_image","twitter_misc":{"Dur\u00e9e de lecture estim\u00e9e":"6 minutes"},"schema":{"@context":"https:\/\/schema.org","@graph":[{"@type":"WebPage","@id":"https:\/\/educetpousse.fr\/index.php\/presentations\/","url":"https:\/\/educetpousse.fr\/index.php\/presentations\/","name":"Pr\u00e9sentations : l'\u00e9ducation \u00e9panouissante & sa fondatrice - Educ et Pousse","isPartOf":{"@id":"https:\/\/educetpousse.fr\/#website"},"datePublished":"2020-07-22T11:48:13+00:00","dateModified":"2020-09-22T19:23:52+00:00","description":"D\u00e9couvrez ce qu'est l'Education Epanouissante et sa fondatrice, Audrey Duvert, qui vous forme \u00e0 cette approche","breadcrumb":{"@id":"https:\/\/educetpousse.fr\/index.php\/presentations\/#breadcrumb"},"inLanguage":"fr-FR","potentialAction":[{"@type":"ReadAction","target":["https:\/\/educetpousse.fr\/index.php\/presentations\/"]}]},{"@type":"BreadcrumbList","@id":"https:\/\/educetpousse.fr\/index.php\/presentations\/#breadcrumb","itemListElement":[{"@type":"ListItem","position":1,"name":"Accueil","item":"https:\/\/educetpousse.fr\/"},{"@type":"ListItem","position":2,"name":"Pr\u00e9sentations"}]},{"@type":"WebSite","@id":"https:\/\/educetpousse.fr\/#website","url":"https:\/\/educetpousse.fr\/","name":"Educ et Pousse","description":"Formations en \u00e9ducation \u00e9panouissante","publisher":{"@id":"https:\/\/educetpousse.fr\/#organization"},"potentialAction":[{"@type":"SearchAction","target":{"@type":"EntryPoint","urlTemplate":"https:\/\/educetpousse.fr\/?s={search_term_string}"},"query-input":{"@type":"PropertyValueSpecification","valueRequired":true,"valueName":"search_term_string"}}],"inLanguage":"fr-FR"},{"@type":"Organization","@id":"https:\/\/educetpousse.fr\/#organization","name":"Educ et Pousse","url":"https:\/\/educetpousse.fr\/","logo":{"@type":"ImageObject","inLanguage":"fr-FR","@id":"https:\/\/educetpousse.fr\/#\/schema\/logo\/image\/","url":"https:\/\/educetpousse.fr\/wp-content\/uploads\/2020\/07\/logo-rond.png","contentUrl":"https:\/\/educetpousse.fr\/wp-content\/uploads\/2020\/07\/logo-rond.png","width":640,"height":642,"caption":"Educ et Pousse"},"image":{"@id":"https:\/\/educetpousse.fr\/#\/schema\/logo\/image\/"},"sameAs":["https:\/\/www.linkedin.com\/company\/educetpousse\/"]}]}},"_links":{"self":[{"href":"https:\/\/educetpousse.fr\/index.php\/wp-json\/wp\/v2\/pages\/13"}],"collection":[{"href":"https:\/\/educetpousse.fr\/index.php\/wp-json\/wp\/v2\/pages"}],"about":[{"href":"https:\/\/educetpousse.fr\/index.php\/wp-json\/wp\/v2\/types\/page"}],"author":[{"embeddable":true,"href":"https:\/\/educetpousse.fr\/index.php\/wp-json\/wp\/v2\/users\/1"}],"replies":[{"embeddable":true,"href":"https:\/\/educetpousse.fr\/index.php\/wp-json\/wp\/v2\/comments?post=13"}],"version-history":[{"count":7,"href":"https:\/\/educetpousse.fr\/index.php\/wp-json\/wp\/v2\/pages\/13\/revisions"}],"predecessor-version":[{"id":347,"href":"https:\/\/educetpousse.fr\/index.php\/wp-json\/wp\/v2\/pages\/13\/revisions\/347"}],"wp:attachment":[{"href":"https:\/\/educetpousse.fr\/index.php\/wp-json\/wp\/v2\/media?parent=13"}],"curies":[{"name":"wp","href":"https:\/\/api.w.org\/{rel}","templated":true}]}}