{"id":9,"date":"2020-07-22T13:47:18","date_gmt":"2020-07-22T11:47:18","guid":{"rendered":"http:\/\/educetpousse.fr\/?page_id=9"},"modified":"2020-09-26T13:12:45","modified_gmt":"2020-09-26T11:12:45","slug":"education-epanouissante","status":"publish","type":"page","link":"https:\/\/educetpousse.fr\/index.php\/presentations\/education-epanouissante\/","title":{"rendered":"L&rsquo;\u00e9ducation \u00e9panouissante"},"content":{"rendered":"<p><div class=\"fusion-fullwidth fullwidth-box fusion-builder-row-1 fusion-flex-container nonhundred-percent-fullwidth non-hundred-percent-height-scrolling\" style=\"--awb-border-radius-top-left:0px;--awb-border-radius-top-right:0px;--awb-border-radius-bottom-right:0px;--awb-border-radius-bottom-left:0px;--awb-padding-right:10%;--awb-padding-left:10%;--awb-flex-wrap:wrap;\" ><div class=\"fusion-builder-row fusion-row fusion-flex-align-items-flex-start fusion-flex-content-wrap\" style=\"max-width:1248px;margin-left: calc(-4% \/ 2 );margin-right: calc(-4% \/ 2 );\"><div class=\"fusion-layout-column fusion_builder_column fusion-builder-column-0 fusion_builder_column_1_1 1_1 fusion-flex-column\" style=\"--awb-bg-size:cover;--awb-width-large:100%;--awb-margin-top-large:0px;--awb-spacing-right-large:1.92%;--awb-margin-bottom-large:20px;--awb-spacing-left-large:1.92%;--awb-width-medium:100%;--awb-order-medium:0;--awb-spacing-right-medium:1.92%;--awb-spacing-left-medium:1.92%;--awb-width-small:100%;--awb-order-small:0;--awb-spacing-right-small:1.92%;--awb-spacing-left-small:1.92%;\"><div class=\"fusion-column-wrapper fusion-column-has-shadow fusion-flex-justify-content-flex-start fusion-content-layout-column\"><div class=\"fusion-title title fusion-title-1 fusion-sep-none fusion-title-text fusion-title-size-three\" style=\"--awb-margin-bottom:35px;\"><h3 class=\"fusion-title-heading title-heading-left\" style=\"margin:0;\">Qu&rsquo;est-ce que c&rsquo;est ?<\/h3><\/div><div class=\"fusion-text fusion-text-1\" style=\"--awb-content-alignment:left;\"><p style=\"padding-left: 80px;\"><strong>L&rsquo;Education Epanouissante est une approche visant \u00e0 ce que chacun se sente bien au sein des espaces d&rsquo;\u00e9ducation : \u00e0 la maison, \u00e0 l&rsquo;\u00e9cole, en accueils de loisirs, en accueils p\u00e9riscolaires, dans le cadre de l&rsquo;accompagnement \u00e0 la scolarit\u00e9, en s\u00e9jours de vacances\u2026<\/strong><\/p>\n<p style=\"padding-left: 80px;\">Il ne s&rsquo;agit pas d&rsquo;une p\u00e9dagogie r\u00e9volutionnaire, simplement d&rsquo;une d\u00e9marche inspir\u00e9e de tous les outils favorables \u00e0 un mieux-\u00eatre individuel et collectif, que je vous invite \u00e0 vous approprier en formation, afin de pouvoir offrir aux enfants des cadres propices \u00e0 leur \u00e9panouissement. <a href=\"http:\/\/educetpousse.fr\/index.php\/formations\/\">D\u00e9couvrir les formations Educ&rsquo; &amp; pousse<\/a>.<\/p>\n<p style=\"padding-left: 80px;\">La fa\u00e7on dont les enfants sont accompagn\u00e9s \u00e0 grandir est en effet d\u00e9terminante dans la construction de leur personnalit\u00e9, de leur confiance en eux, dans leurs relations au monde et aux autres. Et si nous voulons leur permettre de se r\u00e9aliser selon leurs aspirations profondes, en harmonie avec leur environnement, pour devenir les adultes \u00e9panouis de demain, nous nous devons d&rsquo;\u00eatre de bons jardiniers. Contrairement aux potiers qui fa\u00e7onnent de belles pi\u00e8ces \u00e0 leur image, les jardiniers arrosent et alimentent avec soin le terreau dans lequel grandissent les enfants, afin qu&rsquo;ils poussent en s&rsquo;\u00e9panouissant pleinement.<\/p>\n<p style=\"padding-left: 80px;\">L&rsquo;Education Epanouissante consiste ainsi \u00e0 accompagner l&rsquo;enfant sur son chemin, en respectant son individualit\u00e9, et en l&rsquo;aidant \u00e0 s&rsquo;accomplir dans notre monde dans toutes ses potentialit\u00e9s, avec ses propres ressources, sans chercher \u00e0 le formater ou le guider selon notre volont\u00e9, tout simplement en lui faisant confiance.<\/p>\n<p style=\"padding-left: 80px;\">En laissant ainsi grandir l&rsquo;enfant librement, on accepte qu&rsquo;il puisse t\u00e2tonner, exp\u00e9rimenter diff\u00e9rentes options, \u00e9voluer \u00e0 sa fa\u00e7on et ainsi apprendre de ses erreurs, parce qu&rsquo;apr\u00e8s tout,<\/p>\n<\/div><\/div><\/div><\/div><\/div><div class=\"fusion-bg-parallax\" data-bg-align=\"center center\" data-direction=\"up\" data-mute=\"false\" data-opacity=\"100\" data-velocity=\"-0.3\" data-mobile-enabled=\"false\" data-break_parents=\"0\" data-bg-image=\"http:\/\/educetpousse.fr\/wp-content\/uploads\/2020\/07\/arriere-plan-vertbleu.jpg\" data-bg-repeat=\"true\" ><\/div><div class=\"fusion-fullwidth fullwidth-box fusion-builder-row-2 fusion-flex-container fusion-parallax-up hundred-percent-fullwidth non-hundred-percent-height-scrolling\" style=\"--awb-background-repeat:repeat;--awb-border-radius-top-left:0px;--awb-border-radius-top-right:0px;--awb-border-radius-bottom-right:0px;--awb-border-radius-bottom-left:0px;--awb-margin-top:30px;--awb-margin-bottom:65px;--awb-background-image:url(&quot;http:\/\/educetpousse.fr\/wp-content\/uploads\/2020\/07\/arriere-plan-vertbleu.jpg&quot;);--awb-flex-wrap:wrap;\" ><div class=\"fusion-builder-row fusion-row fusion-flex-align-items-flex-start fusion-flex-content-wrap\" style=\"width:104% !important;max-width:104% !important;margin-left: calc(-4% \/ 2 );margin-right: calc(-4% \/ 2 );\"><div class=\"fusion-layout-column fusion_builder_column fusion-builder-column-1 fusion_builder_column_1_3 1_3 fusion-flex-column\" style=\"--awb-bg-size:cover;--awb-width-large:33.333333333333%;--awb-margin-top-large:0px;--awb-spacing-right-large:5.76%;--awb-margin-bottom-large:20px;--awb-spacing-left-large:5.76%;--awb-width-medium:33.333333333333%;--awb-order-medium:0;--awb-spacing-right-medium:5.76%;--awb-spacing-left-medium:5.76%;--awb-width-small:100%;--awb-order-small:0;--awb-spacing-right-small:1.92%;--awb-spacing-left-small:1.92%;\"><div class=\"fusion-column-wrapper fusion-column-has-shadow fusion-flex-justify-content-flex-start fusion-content-layout-column\"><\/div><\/div><div class=\"fusion-layout-column fusion_builder_column fusion-builder-column-2 fusion_builder_column_1_3 1_3 fusion-flex-column\" style=\"--awb-bg-size:cover;--awb-width-large:33.333333333333%;--awb-margin-top-large:0px;--awb-spacing-right-large:5.76%;--awb-margin-bottom-large:20px;--awb-spacing-left-large:5.76%;--awb-width-medium:33.333333333333%;--awb-order-medium:0;--awb-spacing-right-medium:5.76%;--awb-spacing-left-medium:5.76%;--awb-width-small:100%;--awb-order-small:0;--awb-spacing-right-small:1.92%;--awb-spacing-left-small:1.92%;\"><div class=\"fusion-column-wrapper fusion-column-has-shadow fusion-flex-justify-content-flex-start fusion-content-layout-column\"><\/div><\/div><div class=\"fusion-layout-column fusion_builder_column fusion-builder-column-3 fusion_builder_column_1_3 1_3 fusion-flex-column\" style=\"--awb-bg-size:cover;--awb-width-large:33.333333333333%;--awb-margin-top-large:0px;--awb-spacing-right-large:5.76%;--awb-margin-bottom-large:20px;--awb-spacing-left-large:5.76%;--awb-width-medium:33.333333333333%;--awb-order-medium:0;--awb-spacing-right-medium:5.76%;--awb-spacing-left-medium:5.76%;--awb-width-small:100%;--awb-order-small:0;--awb-spacing-right-small:1.92%;--awb-spacing-left-small:1.92%;\"><div class=\"fusion-column-wrapper fusion-column-has-shadow fusion-flex-justify-content-flex-start fusion-content-layout-column\"><div class=\"fusion-image-element \" style=\"text-align:left;--awb-margin-top:25px;--awb-max-width:120px;--awb-caption-title-font-family:var(--h2_typography-font-family);--awb-caption-title-font-weight:var(--h2_typography-font-weight);--awb-caption-title-font-style:var(--h2_typography-font-style);--awb-caption-title-size:var(--h2_typography-font-size);--awb-caption-title-transform:var(--h2_typography-text-transform);--awb-caption-title-line-height:var(--h2_typography-line-height);--awb-caption-title-letter-spacing:var(--h2_typography-letter-spacing);\"><span class=\" fusion-imageframe imageframe-none imageframe-1 hover-type-none\"><img decoding=\"async\" width=\"200\" height=\"158\" title=\"arrosoir\" src=\"http:\/\/educetpousse.fr\/wp-content\/uploads\/2020\/07\/arrosoir.png\" alt class=\"img-responsive wp-image-68\"\/><\/span><\/div><\/div><\/div><div class=\"fusion-layout-column fusion_builder_column fusion-builder-column-4 fusion_builder_column_1_1 1_1 fusion-flex-column\" style=\"--awb-bg-size:cover;--awb-width-large:100%;--awb-margin-top-large:-55px;--awb-spacing-right-large:1.92%;--awb-margin-bottom-large:20px;--awb-spacing-left-large:1.92%;--awb-width-medium:100%;--awb-order-medium:0;--awb-spacing-right-medium:1.92%;--awb-spacing-left-medium:1.92%;--awb-width-small:100%;--awb-order-small:0;--awb-spacing-right-small:1.92%;--awb-spacing-left-small:1.92%;\"><div class=\"fusion-column-wrapper fusion-column-has-shadow fusion-flex-justify-content-flex-start fusion-content-layout-column\"><div class=\"fusion-title title fusion-title-2 fusion-sep-none fusion-title-center fusion-title-text fusion-title-size-five\" style=\"--awb-text-color:#ffffff;--awb-margin-top:30px;--awb-margin-bottom:35px;--awb-font-size:30px;\"><h5 class=\"fusion-title-heading title-heading-center\" style=\"font-family:&quot;Dancing Script&quot;;font-style:normal;font-weight:400;margin:0;font-size:1em;\">c&rsquo;est quand on se plante qu&rsquo;on pousse !<\/h5><\/div><\/div><\/div><\/div><\/div><div class=\"fusion-fullwidth fullwidth-box fusion-builder-row-3 fusion-flex-container nonhundred-percent-fullwidth non-hundred-percent-height-scrolling\" style=\"--awb-border-radius-top-left:0px;--awb-border-radius-top-right:0px;--awb-border-radius-bottom-right:0px;--awb-border-radius-bottom-left:0px;--awb-padding-right:10%;--awb-padding-left:10%;--awb-flex-wrap:wrap;\" ><div class=\"fusion-builder-row fusion-row fusion-flex-align-items-flex-start fusion-flex-content-wrap\" style=\"max-width:1248px;margin-left: calc(-4% \/ 2 );margin-right: calc(-4% \/ 2 );\"><div class=\"fusion-layout-column fusion_builder_column fusion-builder-column-5 fusion_builder_column_1_1 1_1 fusion-flex-column\" style=\"--awb-bg-size:cover;--awb-width-large:100%;--awb-margin-top-large:0px;--awb-spacing-right-large:1.92%;--awb-margin-bottom-large:20px;--awb-spacing-left-large:1.92%;--awb-width-medium:100%;--awb-order-medium:0;--awb-spacing-right-medium:1.92%;--awb-spacing-left-medium:1.92%;--awb-width-small:100%;--awb-order-small:0;--awb-spacing-right-small:1.92%;--awb-spacing-left-small:1.92%;\"><div class=\"fusion-column-wrapper fusion-column-has-shadow fusion-flex-justify-content-flex-start fusion-content-layout-column\"><div class=\"fusion-text fusion-text-2\" style=\"--awb-content-alignment:left;\"><p style=\"padding-left: 80px;\">Seulement voil\u00e0, la vie en collectivit\u00e9 n&rsquo;est pas toujours \u00e9vidente au quotidien, et les conflits relationnels, les d\u00e9bordements, la difficult\u00e9 \u00e0 prendre en compte l&rsquo;individu au sein du collectif, peuvent vite venir noircir le tableau de la convivialit\u00e9 qu&rsquo;on aimerait plut\u00f4t voir r\u00e9gner.<\/p>\n<p style=\"padding-left: 80px;\">C&rsquo;est pourquoi il faut de bons outils aux jardiniers ! Les parents et les professionnels de l&rsquo;\u00e9ducation trouveront au cours des formations Educ&rsquo; &amp; pousse, des ressources pour d\u00e9velopper des modes de communication sereins, r\u00e9soudre des conflits par la m\u00e9diation, adopter des p\u00e9dagogies alternatives, favoriser la coop\u00e9ration, identifier les strat\u00e9gies individuelles propices \u00e0 l&rsquo;apprentissage\u2026<\/p>\n<p style=\"padding-left: 80px;\"><strong>Un double b\u00e9n\u00e9fice au rendez-vous : des cadres plus \u00e9panouissants pour les enfants et des adultes plus \u00e9panouis dans leur r\u00f4le \u00e9ducatif !<\/strong><\/p>\n<\/div><\/div><\/div><\/div><\/div><\/p>\n","protected":false},"excerpt":{"rendered":"","protected":false},"author":1,"featured_media":0,"parent":13,"menu_order":0,"comment_status":"closed","ping_status":"closed","template":"100-width.php","meta":{"footnotes":""},"yoast_head":"<!-- This site is optimized with the Yoast SEO plugin v23.4 - https:\/\/yoast.com\/wordpress\/plugins\/seo\/ -->\n<title>L&#039;\u00e9ducation \u00e9panouissante - Formation - Educ et Pousse<\/title>\n<meta name=\"description\" content=\"L\u2019Education Epanouissante est une approche visant \u00e0 ce que chacun se sente bien au sein des espaces d\u2019\u00e9ducation : \u00e0 la maison, \u00e0 l\u2019\u00e9cole...\" \/>\n<meta name=\"robots\" content=\"index, follow, max-snippet:-1, max-image-preview:large, max-video-preview:-1\" \/>\n<link rel=\"canonical\" href=\"https:\/\/educetpousse.fr\/index.php\/presentations\/education-epanouissante\/\" \/>\n<meta property=\"og:locale\" content=\"fr_FR\" \/>\n<meta property=\"og:type\" content=\"article\" \/>\n<meta property=\"og:title\" content=\"L&#039;\u00e9ducation \u00e9panouissante - Formation - Educ et Pousse\" \/>\n<meta property=\"og:description\" content=\"L\u2019Education Epanouissante est une approche visant \u00e0 ce que chacun se sente bien au sein des espaces d\u2019\u00e9ducation : \u00e0 la maison, \u00e0 l\u2019\u00e9cole...\" \/>\n<meta property=\"og:url\" content=\"https:\/\/educetpousse.fr\/index.php\/presentations\/education-epanouissante\/\" \/>\n<meta property=\"og:site_name\" content=\"Educ et Pousse\" \/>\n<meta property=\"article:modified_time\" content=\"2020-09-26T11:12:45+00:00\" \/>\n<meta property=\"og:image\" content=\"https:\/\/educetpousse.fr\/wp-content\/uploads\/2020\/07\/logo-rond.png\" \/>\n\t<meta property=\"og:image:width\" content=\"640\" \/>\n\t<meta property=\"og:image:height\" content=\"642\" \/>\n\t<meta property=\"og:image:type\" content=\"image\/png\" \/>\n<meta name=\"twitter:card\" content=\"summary_large_image\" \/>\n<meta name=\"twitter:label1\" content=\"Dur\u00e9e de lecture estim\u00e9e\" \/>\n\t<meta name=\"twitter:data1\" content=\"16 minutes\" \/>\n<script type=\"application\/ld+json\" class=\"yoast-schema-graph\">{\"@context\":\"https:\/\/schema.org\",\"@graph\":[{\"@type\":\"WebPage\",\"@id\":\"https:\/\/educetpousse.fr\/index.php\/presentations\/education-epanouissante\/\",\"url\":\"https:\/\/educetpousse.fr\/index.php\/presentations\/education-epanouissante\/\",\"name\":\"L'\u00e9ducation \u00e9panouissante - Formation - Educ et Pousse\",\"isPartOf\":{\"@id\":\"https:\/\/educetpousse.fr\/#website\"},\"datePublished\":\"2020-07-22T11:47:18+00:00\",\"dateModified\":\"2020-09-26T11:12:45+00:00\",\"description\":\"L\u2019Education Epanouissante est une approche visant \u00e0 ce que chacun se sente bien au sein des espaces d\u2019\u00e9ducation : \u00e0 la maison, \u00e0 l\u2019\u00e9cole...\",\"breadcrumb\":{\"@id\":\"https:\/\/educetpousse.fr\/index.php\/presentations\/education-epanouissante\/#breadcrumb\"},\"inLanguage\":\"fr-FR\",\"potentialAction\":[{\"@type\":\"ReadAction\",\"target\":[\"https:\/\/educetpousse.fr\/index.php\/presentations\/education-epanouissante\/\"]}]},{\"@type\":\"BreadcrumbList\",\"@id\":\"https:\/\/educetpousse.fr\/index.php\/presentations\/education-epanouissante\/#breadcrumb\",\"itemListElement\":[{\"@type\":\"ListItem\",\"position\":1,\"name\":\"Accueil\",\"item\":\"https:\/\/educetpousse.fr\/\"},{\"@type\":\"ListItem\",\"position\":2,\"name\":\"Pr\u00e9sentations\",\"item\":\"https:\/\/educetpousse.fr\/index.php\/presentations\/\"},{\"@type\":\"ListItem\",\"position\":3,\"name\":\"L&rsquo;\u00e9ducation \u00e9panouissante\"}]},{\"@type\":\"WebSite\",\"@id\":\"https:\/\/educetpousse.fr\/#website\",\"url\":\"https:\/\/educetpousse.fr\/\",\"name\":\"Educ et Pousse\",\"description\":\"Formations en \u00e9ducation \u00e9panouissante\",\"publisher\":{\"@id\":\"https:\/\/educetpousse.fr\/#organization\"},\"potentialAction\":[{\"@type\":\"SearchAction\",\"target\":{\"@type\":\"EntryPoint\",\"urlTemplate\":\"https:\/\/educetpousse.fr\/?s={search_term_string}\"},\"query-input\":{\"@type\":\"PropertyValueSpecification\",\"valueRequired\":true,\"valueName\":\"search_term_string\"}}],\"inLanguage\":\"fr-FR\"},{\"@type\":\"Organization\",\"@id\":\"https:\/\/educetpousse.fr\/#organization\",\"name\":\"Educ et Pousse\",\"url\":\"https:\/\/educetpousse.fr\/\",\"logo\":{\"@type\":\"ImageObject\",\"inLanguage\":\"fr-FR\",\"@id\":\"https:\/\/educetpousse.fr\/#\/schema\/logo\/image\/\",\"url\":\"https:\/\/educetpousse.fr\/wp-content\/uploads\/2020\/07\/logo-rond.png\",\"contentUrl\":\"https:\/\/educetpousse.fr\/wp-content\/uploads\/2020\/07\/logo-rond.png\",\"width\":640,\"height\":642,\"caption\":\"Educ et Pousse\"},\"image\":{\"@id\":\"https:\/\/educetpousse.fr\/#\/schema\/logo\/image\/\"},\"sameAs\":[\"https:\/\/www.linkedin.com\/company\/educetpousse\/\"]}]}<\/script>\n<!-- \/ Yoast SEO plugin. -->","yoast_head_json":{"title":"L'\u00e9ducation \u00e9panouissante - Formation - Educ et Pousse","description":"L\u2019Education Epanouissante est une approche visant \u00e0 ce que chacun se sente bien au sein des espaces d\u2019\u00e9ducation : \u00e0 la maison, \u00e0 l\u2019\u00e9cole...","robots":{"index":"index","follow":"follow","max-snippet":"max-snippet:-1","max-image-preview":"max-image-preview:large","max-video-preview":"max-video-preview:-1"},"canonical":"https:\/\/educetpousse.fr\/index.php\/presentations\/education-epanouissante\/","og_locale":"fr_FR","og_type":"article","og_title":"L'\u00e9ducation \u00e9panouissante - Formation - Educ et Pousse","og_description":"L\u2019Education Epanouissante est une approche visant \u00e0 ce que chacun se sente bien au sein des espaces d\u2019\u00e9ducation : \u00e0 la maison, \u00e0 l\u2019\u00e9cole...","og_url":"https:\/\/educetpousse.fr\/index.php\/presentations\/education-epanouissante\/","og_site_name":"Educ et Pousse","article_modified_time":"2020-09-26T11:12:45+00:00","og_image":[{"width":640,"height":642,"url":"https:\/\/educetpousse.fr\/wp-content\/uploads\/2020\/07\/logo-rond.png","type":"image\/png"}],"twitter_card":"summary_large_image","twitter_misc":{"Dur\u00e9e de lecture estim\u00e9e":"16 minutes"},"schema":{"@context":"https:\/\/schema.org","@graph":[{"@type":"WebPage","@id":"https:\/\/educetpousse.fr\/index.php\/presentations\/education-epanouissante\/","url":"https:\/\/educetpousse.fr\/index.php\/presentations\/education-epanouissante\/","name":"L'\u00e9ducation \u00e9panouissante - Formation - Educ et Pousse","isPartOf":{"@id":"https:\/\/educetpousse.fr\/#website"},"datePublished":"2020-07-22T11:47:18+00:00","dateModified":"2020-09-26T11:12:45+00:00","description":"L\u2019Education Epanouissante est une approche visant \u00e0 ce que chacun se sente bien au sein des espaces d\u2019\u00e9ducation : \u00e0 la maison, \u00e0 l\u2019\u00e9cole...","breadcrumb":{"@id":"https:\/\/educetpousse.fr\/index.php\/presentations\/education-epanouissante\/#breadcrumb"},"inLanguage":"fr-FR","potentialAction":[{"@type":"ReadAction","target":["https:\/\/educetpousse.fr\/index.php\/presentations\/education-epanouissante\/"]}]},{"@type":"BreadcrumbList","@id":"https:\/\/educetpousse.fr\/index.php\/presentations\/education-epanouissante\/#breadcrumb","itemListElement":[{"@type":"ListItem","position":1,"name":"Accueil","item":"https:\/\/educetpousse.fr\/"},{"@type":"ListItem","position":2,"name":"Pr\u00e9sentations","item":"https:\/\/educetpousse.fr\/index.php\/presentations\/"},{"@type":"ListItem","position":3,"name":"L&rsquo;\u00e9ducation \u00e9panouissante"}]},{"@type":"WebSite","@id":"https:\/\/educetpousse.fr\/#website","url":"https:\/\/educetpousse.fr\/","name":"Educ et Pousse","description":"Formations en \u00e9ducation \u00e9panouissante","publisher":{"@id":"https:\/\/educetpousse.fr\/#organization"},"potentialAction":[{"@type":"SearchAction","target":{"@type":"EntryPoint","urlTemplate":"https:\/\/educetpousse.fr\/?s={search_term_string}"},"query-input":{"@type":"PropertyValueSpecification","valueRequired":true,"valueName":"search_term_string"}}],"inLanguage":"fr-FR"},{"@type":"Organization","@id":"https:\/\/educetpousse.fr\/#organization","name":"Educ et Pousse","url":"https:\/\/educetpousse.fr\/","logo":{"@type":"ImageObject","inLanguage":"fr-FR","@id":"https:\/\/educetpousse.fr\/#\/schema\/logo\/image\/","url":"https:\/\/educetpousse.fr\/wp-content\/uploads\/2020\/07\/logo-rond.png","contentUrl":"https:\/\/educetpousse.fr\/wp-content\/uploads\/2020\/07\/logo-rond.png","width":640,"height":642,"caption":"Educ et Pousse"},"image":{"@id":"https:\/\/educetpousse.fr\/#\/schema\/logo\/image\/"},"sameAs":["https:\/\/www.linkedin.com\/company\/educetpousse\/"]}]}},"_links":{"self":[{"href":"https:\/\/educetpousse.fr\/index.php\/wp-json\/wp\/v2\/pages\/9"}],"collection":[{"href":"https:\/\/educetpousse.fr\/index.php\/wp-json\/wp\/v2\/pages"}],"about":[{"href":"https:\/\/educetpousse.fr\/index.php\/wp-json\/wp\/v2\/types\/page"}],"author":[{"embeddable":true,"href":"https:\/\/educetpousse.fr\/index.php\/wp-json\/wp\/v2\/users\/1"}],"replies":[{"embeddable":true,"href":"https:\/\/educetpousse.fr\/index.php\/wp-json\/wp\/v2\/comments?post=9"}],"version-history":[{"count":10,"href":"https:\/\/educetpousse.fr\/index.php\/wp-json\/wp\/v2\/pages\/9\/revisions"}],"predecessor-version":[{"id":354,"href":"https:\/\/educetpousse.fr\/index.php\/wp-json\/wp\/v2\/pages\/9\/revisions\/354"}],"up":[{"embeddable":true,"href":"https:\/\/educetpousse.fr\/index.php\/wp-json\/wp\/v2\/pages\/13"}],"wp:attachment":[{"href":"https:\/\/educetpousse.fr\/index.php\/wp-json\/wp\/v2\/media?parent=9"}],"curies":[{"name":"wp","href":"https:\/\/api.w.org\/{rel}","templated":true}]}}